{"id":1297,"date":"2024-01-20T14:15:15","date_gmt":"2024-01-20T13:15:15","guid":{"rendered":"http:\/\/www.sommeljane.nl\/?post_type=product&#038;p=1297"},"modified":"2024-02-28T17:27:30","modified_gmt":"2024-02-28T16:27:30","slug":"domaine-de-la-janasse-cotes-du-rhone-ac","status":"publish","type":"product","link":"https:\/\/www.sommeljane.nl\/en_gb\/product\/domaine-de-la-janasse-cotes-du-rhone-ac\/","title":{"rendered":"Domaine de La Janasse, C\u00f4tes du Rh\u00f4ne AC"},"content":{"rendered":"<p><strong>Grape variety <\/strong>50% Grenache, 15% Clairette, 15% Bourboulenc, 10% Viognier &amp; 10% Roussanne<\/p>\n<p><strong>Region <\/strong>C\u00f4tes du Rh\u00f4ne, France<\/p>\n<p><img fetchpriority=\"high\" decoding=\"async\" class=\"alignnone size-medium wp-image-2572\" src=\"http:\/\/www.sommeljane.nl\/wp-content\/uploads\/2024\/01\/Rhone-300x300.png\" alt=\"Rh\u00f4ne\" width=\"300\" height=\"300\" srcset=\"https:\/\/www.sommeljane.nl\/wp-content\/uploads\/2024\/01\/Rhone-300x300.png 300w, https:\/\/www.sommeljane.nl\/wp-content\/uploads\/2024\/01\/Rhone-100x100.png 100w, https:\/\/www.sommeljane.nl\/wp-content\/uploads\/2024\/01\/Rhone-600x600.png 600w, https:\/\/www.sommeljane.nl\/wp-content\/uploads\/2024\/01\/Rhone-1024x1024.png 1024w, https:\/\/www.sommeljane.nl\/wp-content\/uploads\/2024\/01\/Rhone-150x150.png 150w, https:\/\/www.sommeljane.nl\/wp-content\/uploads\/2024\/01\/Rhone-768x768.png 768w, https:\/\/www.sommeljane.nl\/wp-content\/uploads\/2024\/01\/Rhone-500x500.png 500w, https:\/\/www.sommeljane.nl\/wp-content\/uploads\/2024\/01\/Rhone.png 1080w\" sizes=\"(max-width: 300px) 100vw, 300px\" \/><\/p>\n<p><strong>Appellation <\/strong>C\u00f4tes du Rh\u00f4ne AC<\/p>\n<p><strong>Winery <\/strong>In 1967, Aim\u00e9 Sabon took over his father's vineyards and founded Domaine de la Janasse, named after the family farm in Courth\u00e9zon, \"La Janasse.\" Aware of the region's potential, Aim\u00e9 expanded the estate with new plots, growing from 15 hectares to 90 hectares. Since 1991, Aim\u00e9 has been assisted by his son Christophe, and ten years later, his sister Isabelle also joined the team. With a mosaic of terroirs spread over more than sixty plots, Domaine de La Janasse is known for its complex blends and special cuv\u00e9es such as Chaupin, Les Garrigues, Terre d'Argile, and Terre de Bussi\u00e8res. In just a few years, La Janasse has become a gem of Ch\u00e2teauneuf-du-Pape.<\/p>\n<p><strong>Food pairing <\/strong>Aperitif, fish dishes and seafood<\/p>","protected":false},"excerpt":{"rendered":"<p>This wine from the beautiful Rh\u00f4ne region features spicy aromas complemented by red fruit. It is a full-bodied wine that excels in its perfect balance of fruitiness, power, and spiciness.<\/p>","protected":false},"featured_media":1298,"comment_status":"open","ping_status":"closed","template":"","meta":{"_acf_changed":false,"_monsterinsights_skip_tracking":false,"_monsterinsights_sitenote_active":false,"_monsterinsights_sitenote_note":"","_monsterinsights_sitenote_category":0},"product_cat":[68,67,90],"product_tag":[124,121],"class_list":{"0":"post-1297","1":"product","2":"type-product","3":"status-publish","4":"has-post-thumbnail","6":"product_cat-witte-wijn","7":"product_cat-frankrijk","8":"product_cat-rhone","9":"product_tag-kruiden-specerijen","10":"product_tag-rood-fruit","11":"pa_type-wijn-witte-wijn","13":"first","14":"instock","15":"taxable","16":"shipping-taxable","17":"purchasable","18":"product-type-simple"},"acf":[],"aioseo_notices":[],"_links":{"self":[{"href":"https:\/\/www.sommeljane.nl\/en_gb\/wp-json\/wp\/v2\/product\/1297","targetHints":{"allow":["GET"]}}],"collection":[{"href":"https:\/\/www.sommeljane.nl\/en_gb\/wp-json\/wp\/v2\/product"}],"about":[{"href":"https:\/\/www.sommeljane.nl\/en_gb\/wp-json\/wp\/v2\/types\/product"}],"replies":[{"embeddable":true,"href":"https:\/\/www.sommeljane.nl\/en_gb\/wp-json\/wp\/v2\/comments?post=1297"}],"version-history":[{"count":4,"href":"https:\/\/www.sommeljane.nl\/en_gb\/wp-json\/wp\/v2\/product\/1297\/revisions"}],"predecessor-version":[{"id":3173,"href":"https:\/\/www.sommeljane.nl\/en_gb\/wp-json\/wp\/v2\/product\/1297\/revisions\/3173"}],"wp:featuredmedia":[{"embeddable":true,"href":"https:\/\/www.sommeljane.nl\/en_gb\/wp-json\/wp\/v2\/media\/1298"}],"wp:attachment":[{"href":"https:\/\/www.sommeljane.nl\/en_gb\/wp-json\/wp\/v2\/media?parent=1297"}],"wp:term":[{"taxonomy":"product_cat","embeddable":true,"href":"https:\/\/www.sommeljane.nl\/en_gb\/wp-json\/wp\/v2\/product_cat?post=1297"},{"taxonomy":"product_tag","embeddable":true,"href":"https:\/\/www.sommeljane.nl\/en_gb\/wp-json\/wp\/v2\/product_tag?post=1297"}],"curies":[{"name":"wp","href":"https:\/\/api.w.org\/{rel}","templated":true}]}}