{"id":2655,"date":"2024-02-16T12:28:41","date_gmt":"2024-02-16T11:28:41","guid":{"rendered":"http:\/\/www.sommeljane.nl\/?post_type=product&#038;p=2655"},"modified":"2024-02-27T11:21:26","modified_gmt":"2024-02-27T10:21:26","slug":"weingut-knipser-laumersheim-cuvee-x-2018","status":"publish","type":"product","link":"https:\/\/www.sommeljane.nl\/en_gb\/product\/weingut-knipser-laumersheim-cuvee-x-2018\/","title":{"rendered":"Weingut Knipser, Laumersheim Cuv\u00e9e X 2018"},"content":{"rendered":"<p><strong>Grape variety <\/strong>48% Cabernet Sauvignon, \u00a030% Merlot &amp; 22% Cabernet Franc<\/p>\n<p><strong>Region <\/strong>Pfalz, Germany<\/p>\n<p><img fetchpriority=\"high\" decoding=\"async\" class=\"alignnone size-medium wp-image-2549\" src=\"http:\/\/www.sommeljane.nl\/wp-content\/uploads\/2024\/01\/Duitsland-pfalz-300x300.png\" alt=\"Pfalz \" width=\"300\" height=\"300\" srcset=\"https:\/\/www.sommeljane.nl\/wp-content\/uploads\/2024\/01\/Duitsland-pfalz-300x300.png 300w, https:\/\/www.sommeljane.nl\/wp-content\/uploads\/2024\/01\/Duitsland-pfalz-100x100.png 100w, https:\/\/www.sommeljane.nl\/wp-content\/uploads\/2024\/01\/Duitsland-pfalz-600x600.png 600w, https:\/\/www.sommeljane.nl\/wp-content\/uploads\/2024\/01\/Duitsland-pfalz-1024x1024.png 1024w, https:\/\/www.sommeljane.nl\/wp-content\/uploads\/2024\/01\/Duitsland-pfalz-150x150.png 150w, https:\/\/www.sommeljane.nl\/wp-content\/uploads\/2024\/01\/Duitsland-pfalz-768x768.png 768w, https:\/\/www.sommeljane.nl\/wp-content\/uploads\/2024\/01\/Duitsland-pfalz-500x500.png 500w, https:\/\/www.sommeljane.nl\/wp-content\/uploads\/2024\/01\/Duitsland-pfalz.png 1080w\" sizes=\"(max-width: 300px) 100vw, 300px\" \/><\/p>\n<p><strong>Appellation <\/strong>Laumersheim<\/p>\n<p><strong>Winery<\/strong> Since 1876, Weingut Knipser has been a family-run business in Laumersheim, located in the northern Vorderpfalz between Gr\u00fcnstadt and Bad D\u00fcrkheim. The vineyards stretch across Laumersheim, Gro\u00dfkarlbach, and Dirmstein, covering a total area of \u200b\u200b75 hectares. As one of the pioneers in the region, Heinz Knipser began bottling wine in 1948. The current owners, Volker and Werner Knipser, introduced vinification in barriques in the 1980s, increased the proportion of red wine, and carefully selected both classic regional and international varieties when planting new vines.<\/p>\n<p><strong>Food pairing <\/strong>Wild mushrooms or beef<\/p>","protected":false},"excerpt":{"rendered":"<p>A standout from Knipser that often emerges as the best in blind tastings! This wine has aged for 24 months, primarily in new French oak, resulting in many spicy notes of coffee and cedar, along with berry aromas. The wine has significant aging potential. Tip: Also, try Knipser's Ros\u00e9 Fum\u00e9, which gets its delicious flavor from the extraction of this red wine!<\/p>","protected":false},"featured_media":2656,"comment_status":"open","ping_status":"closed","template":"","meta":{"_acf_changed":false,"_monsterinsights_skip_tracking":false,"_monsterinsights_sitenote_active":false,"_monsterinsights_sitenote_note":"","_monsterinsights_sitenote_category":0},"product_cat":[69,72,109],"product_tag":[127,125,121],"class_list":{"0":"post-2655","1":"product","2":"type-product","3":"status-publish","4":"has-post-thumbnail","6":"product_cat-rode-wijn","7":"product_cat-duitsland","8":"product_cat-pfalz","9":"product_tag-eikenhout","10":"product_tag-rijping","11":"product_tag-rood-fruit","12":"pa_type-wijn-rode-wijn","14":"first","15":"instock","16":"taxable","17":"shipping-taxable","18":"purchasable","19":"product-type-simple"},"acf":[],"aioseo_notices":[],"_links":{"self":[{"href":"https:\/\/www.sommeljane.nl\/en_gb\/wp-json\/wp\/v2\/product\/2655","targetHints":{"allow":["GET"]}}],"collection":[{"href":"https:\/\/www.sommeljane.nl\/en_gb\/wp-json\/wp\/v2\/product"}],"about":[{"href":"https:\/\/www.sommeljane.nl\/en_gb\/wp-json\/wp\/v2\/types\/product"}],"replies":[{"embeddable":true,"href":"https:\/\/www.sommeljane.nl\/en_gb\/wp-json\/wp\/v2\/comments?post=2655"}],"version-history":[{"count":2,"href":"https:\/\/www.sommeljane.nl\/en_gb\/wp-json\/wp\/v2\/product\/2655\/revisions"}],"predecessor-version":[{"id":3175,"href":"https:\/\/www.sommeljane.nl\/en_gb\/wp-json\/wp\/v2\/product\/2655\/revisions\/3175"}],"wp:featuredmedia":[{"embeddable":true,"href":"https:\/\/www.sommeljane.nl\/en_gb\/wp-json\/wp\/v2\/media\/2656"}],"wp:attachment":[{"href":"https:\/\/www.sommeljane.nl\/en_gb\/wp-json\/wp\/v2\/media?parent=2655"}],"wp:term":[{"taxonomy":"product_cat","embeddable":true,"href":"https:\/\/www.sommeljane.nl\/en_gb\/wp-json\/wp\/v2\/product_cat?post=2655"},{"taxonomy":"product_tag","embeddable":true,"href":"https:\/\/www.sommeljane.nl\/en_gb\/wp-json\/wp\/v2\/product_tag?post=2655"}],"curies":[{"name":"wp","href":"https:\/\/api.w.org\/{rel}","templated":true}]}}