{"id":2744,"date":"2024-02-17T16:07:57","date_gmt":"2024-02-17T15:07:57","guid":{"rendered":"http:\/\/www.sommeljane.nl\/?post_type=product&#038;p=2744"},"modified":"2024-02-28T17:23:22","modified_gmt":"2024-02-28T16:23:22","slug":"weingut-knipser-rose-fume","status":"publish","type":"product","link":"https:\/\/www.sommeljane.nl\/en_gb\/product\/weingut-knipser-rose-fume\/","title":{"rendered":"Weingut Knipser Ros\u00e9 Fum\u00e9"},"content":{"rendered":"<p><strong>Grape variety <\/strong>Cabernet Sauvignon, Merlot &amp; Cabernet Franc<\/p>\n<p><strong>Region <\/strong>Pfalz, Germany<\/p>\n<p><img fetchpriority=\"high\" decoding=\"async\" class=\"alignnone wp-image-2549\" src=\"http:\/\/www.sommeljane.nl\/wp-content\/uploads\/2024\/01\/Duitsland-pfalz-300x300.png\" alt=\"Pfalz\" width=\"274\" height=\"274\" srcset=\"https:\/\/www.sommeljane.nl\/wp-content\/uploads\/2024\/01\/Duitsland-pfalz-300x300.png 300w, https:\/\/www.sommeljane.nl\/wp-content\/uploads\/2024\/01\/Duitsland-pfalz-100x100.png 100w, https:\/\/www.sommeljane.nl\/wp-content\/uploads\/2024\/01\/Duitsland-pfalz-600x600.png 600w, https:\/\/www.sommeljane.nl\/wp-content\/uploads\/2024\/01\/Duitsland-pfalz-1024x1024.png 1024w, https:\/\/www.sommeljane.nl\/wp-content\/uploads\/2024\/01\/Duitsland-pfalz-150x150.png 150w, https:\/\/www.sommeljane.nl\/wp-content\/uploads\/2024\/01\/Duitsland-pfalz-768x768.png 768w, https:\/\/www.sommeljane.nl\/wp-content\/uploads\/2024\/01\/Duitsland-pfalz-500x500.png 500w, https:\/\/www.sommeljane.nl\/wp-content\/uploads\/2024\/01\/Duitsland-pfalz.png 1080w\" sizes=\"(max-width: 274px) 100vw, 274px\" \/><\/p>\n<p><strong>Appellation <\/strong>Laumersheim<\/p>\n<p><strong>Winery<\/strong> Since 1876, Weingut Knipser has been a family-run business in Laumersheim, located in the northern Vorderpfalz between Gr\u00fcnstadt and Bad D\u00fcrkheim. The vineyards stretch across Laumersheim, Gro\u00dfkarlbach, and Dirmstein, covering a total area of \u200b\u200b75 hectares. As one of the pioneers in the region, Heinz Knipser began bottling wine in 1948. The current owners, Volker and Werner Knipser, introduced vinification in barriques in the 1980s, increased the proportion of red wine, and carefully selected both classic regional and international varieties when planting new vines.<\/p>\n<p><strong>Food pairing <\/strong>Pizza, Aubergine alla Parmigiana and charcuterie<\/p>","protected":false},"excerpt":{"rendered":"<p>A fruity and spicy ros\u00e9 with hints of wood and lees (aged on yeast cells). The juice extraction mainly comes from the Cuv\u00e9e X, the top red wine from Knipser. Tip: Also, check out this wine on my website for a delicious red wine from the Pfalz region!<\/p>","protected":false},"featured_media":2745,"comment_status":"open","ping_status":"closed","template":"","meta":{"_acf_changed":false,"_monsterinsights_skip_tracking":false,"_monsterinsights_sitenote_active":false,"_monsterinsights_sitenote_note":"","_monsterinsights_sitenote_category":0},"product_cat":[115,72,109],"product_tag":[127,128,124,121],"class_list":{"0":"post-2744","1":"product","2":"type-product","3":"status-publish","4":"has-post-thumbnail","6":"product_cat-rose-wijn","7":"product_cat-duitsland","8":"product_cat-pfalz","9":"product_tag-eikenhout","10":"product_tag-gist","11":"product_tag-kruiden-specerijen","12":"product_tag-rood-fruit","13":"pa_type-wijn-rose-wijn","15":"first","16":"instock","17":"taxable","18":"shipping-taxable","19":"purchasable","20":"product-type-simple"},"acf":[],"aioseo_notices":[],"_links":{"self":[{"href":"https:\/\/www.sommeljane.nl\/en_gb\/wp-json\/wp\/v2\/product\/2744","targetHints":{"allow":["GET"]}}],"collection":[{"href":"https:\/\/www.sommeljane.nl\/en_gb\/wp-json\/wp\/v2\/product"}],"about":[{"href":"https:\/\/www.sommeljane.nl\/en_gb\/wp-json\/wp\/v2\/types\/product"}],"replies":[{"embeddable":true,"href":"https:\/\/www.sommeljane.nl\/en_gb\/wp-json\/wp\/v2\/comments?post=2744"}],"version-history":[{"count":1,"href":"https:\/\/www.sommeljane.nl\/en_gb\/wp-json\/wp\/v2\/product\/2744\/revisions"}],"predecessor-version":[{"id":2746,"href":"https:\/\/www.sommeljane.nl\/en_gb\/wp-json\/wp\/v2\/product\/2744\/revisions\/2746"}],"wp:featuredmedia":[{"embeddable":true,"href":"https:\/\/www.sommeljane.nl\/en_gb\/wp-json\/wp\/v2\/media\/2745"}],"wp:attachment":[{"href":"https:\/\/www.sommeljane.nl\/en_gb\/wp-json\/wp\/v2\/media?parent=2744"}],"wp:term":[{"taxonomy":"product_cat","embeddable":true,"href":"https:\/\/www.sommeljane.nl\/en_gb\/wp-json\/wp\/v2\/product_cat?post=2744"},{"taxonomy":"product_tag","embeddable":true,"href":"https:\/\/www.sommeljane.nl\/en_gb\/wp-json\/wp\/v2\/product_tag?post=2744"}],"curies":[{"name":"wp","href":"https:\/\/api.w.org\/{rel}","templated":true}]}}