{"id":2943,"date":"2024-02-20T15:12:21","date_gmt":"2024-02-20T14:12:21","guid":{"rendered":"http:\/\/www.sommeljane.nl\/?post_type=product&#038;p=2943"},"modified":"2024-02-28T17:21:21","modified_gmt":"2024-02-28T16:21:21","slug":"domaine-de-la-janasse-cotes-du-rhone-ac-2","status":"publish","type":"product","link":"https:\/\/www.sommeljane.nl\/en_gb\/product\/domaine-de-la-janasse-cotes-du-rhone-ac-2\/","title":{"rendered":"Gigondas La Cave, Beaumes de Venise AC"},"content":{"rendered":"<p><strong>Grape variety\u00a0<\/strong>65% Grenache Noir &amp; 35% Syrah<\/p>\n<p><strong>Region <\/strong>C\u00f4tes du Rh\u00f4ne M\u00e9ridionale, France<\/p>\n<p><img fetchpriority=\"high\" decoding=\"async\" class=\"alignnone size-medium wp-image-2572\" src=\"http:\/\/www.sommeljane.nl\/wp-content\/uploads\/2024\/01\/Rhone-300x300.png\" alt=\"Rh\u00f4ne\" width=\"300\" height=\"300\" srcset=\"https:\/\/www.sommeljane.nl\/wp-content\/uploads\/2024\/01\/Rhone-300x300.png 300w, https:\/\/www.sommeljane.nl\/wp-content\/uploads\/2024\/01\/Rhone-100x100.png 100w, https:\/\/www.sommeljane.nl\/wp-content\/uploads\/2024\/01\/Rhone-600x600.png 600w, https:\/\/www.sommeljane.nl\/wp-content\/uploads\/2024\/01\/Rhone-1024x1024.png 1024w, https:\/\/www.sommeljane.nl\/wp-content\/uploads\/2024\/01\/Rhone-150x150.png 150w, https:\/\/www.sommeljane.nl\/wp-content\/uploads\/2024\/01\/Rhone-768x768.png 768w, https:\/\/www.sommeljane.nl\/wp-content\/uploads\/2024\/01\/Rhone-500x500.png 500w, https:\/\/www.sommeljane.nl\/wp-content\/uploads\/2024\/01\/Rhone.png 1080w\" sizes=\"(max-width: 300px) 100vw, 300px\" \/><\/p>\n<p><strong>Appellation <\/strong>C\u00f4tes du Rh\u00f4ne AC<\/p>\n<p><strong>Winery <\/strong>In 1956, La Cave des Vignerons de Gigondas was founded in the heart of the region by a group of winemakers determined to defend the identity and economic interests of all winemakers. Their goal was to establish a cooperative powerful enough to tackle both oenological and commercial challenges. With a clear vision, they aimed to create their own appellation in the most authentic way possible, thus building a high-quality image for their wines alongside other winemakers. Today, they manage 260 hectares spread across 3 appellations: Gigondas, Vacqueyras, and Beaumes de Venise.<\/p>\n<p><strong>Food pairing <\/strong>Proven\u00e7al cuisine<\/p>","protected":false},"excerpt":{"rendered":"<p>This beautiful wine from the famous Rh\u00f4ne region has aromas of red fruit and spices. Through battonage, the process of stirring the lees, the wine gains a lot of complexity.<\/p>","protected":false},"featured_media":2949,"comment_status":"open","ping_status":"closed","template":"","meta":{"_acf_changed":false,"_monsterinsights_skip_tracking":false,"_monsterinsights_sitenote_active":false,"_monsterinsights_sitenote_note":"","_monsterinsights_sitenote_category":0},"product_cat":[69,67,90],"product_tag":[124,121],"class_list":{"0":"post-2943","1":"product","2":"type-product","3":"status-publish","4":"has-post-thumbnail","6":"product_cat-rode-wijn","7":"product_cat-frankrijk","8":"product_cat-rhone","9":"product_tag-kruiden-specerijen","10":"product_tag-rood-fruit","11":"pa_type-wijn-rode-wijn","13":"first","14":"instock","15":"taxable","16":"shipping-taxable","17":"purchasable","18":"product-type-simple"},"acf":[],"aioseo_notices":[],"_links":{"self":[{"href":"https:\/\/www.sommeljane.nl\/en_gb\/wp-json\/wp\/v2\/product\/2943","targetHints":{"allow":["GET"]}}],"collection":[{"href":"https:\/\/www.sommeljane.nl\/en_gb\/wp-json\/wp\/v2\/product"}],"about":[{"href":"https:\/\/www.sommeljane.nl\/en_gb\/wp-json\/wp\/v2\/types\/product"}],"replies":[{"embeddable":true,"href":"https:\/\/www.sommeljane.nl\/en_gb\/wp-json\/wp\/v2\/comments?post=2943"}],"version-history":[{"count":4,"href":"https:\/\/www.sommeljane.nl\/en_gb\/wp-json\/wp\/v2\/product\/2943\/revisions"}],"predecessor-version":[{"id":2965,"href":"https:\/\/www.sommeljane.nl\/en_gb\/wp-json\/wp\/v2\/product\/2943\/revisions\/2965"}],"wp:featuredmedia":[{"embeddable":true,"href":"https:\/\/www.sommeljane.nl\/en_gb\/wp-json\/wp\/v2\/media\/2949"}],"wp:attachment":[{"href":"https:\/\/www.sommeljane.nl\/en_gb\/wp-json\/wp\/v2\/media?parent=2943"}],"wp:term":[{"taxonomy":"product_cat","embeddable":true,"href":"https:\/\/www.sommeljane.nl\/en_gb\/wp-json\/wp\/v2\/product_cat?post=2943"},{"taxonomy":"product_tag","embeddable":true,"href":"https:\/\/www.sommeljane.nl\/en_gb\/wp-json\/wp\/v2\/product_tag?post=2943"}],"curies":[{"name":"wp","href":"https:\/\/api.w.org\/{rel}","templated":true}]}}