{"id":3216,"date":"2024-02-22T22:05:50","date_gmt":"2024-02-22T21:05:50","guid":{"rendered":"http:\/\/www.sommeljane.nl\/?post_type=product&#038;p=3216"},"modified":"2024-02-28T17:14:20","modified_gmt":"2024-02-28T16:14:20","slug":"laurenz-v-gruner-veltliner-kamptal","status":"publish","type":"product","link":"https:\/\/www.sommeljane.nl\/en_gb\/product\/laurenz-v-gruner-veltliner-kamptal\/","title":{"rendered":"Laurenz V., Gr\u00fcner Veltliner, Kamptal"},"content":{"rendered":"<p><strong>Grape variety <\/strong>100% Gr\u00fcner Veltliner<\/p>\n<p><strong>Region <\/strong>Kamptal, Nieder\u00f6sterreich, Austria<\/p>\n<p><img fetchpriority=\"high\" decoding=\"async\" class=\"alignnone size-medium wp-image-3217\" src=\"http:\/\/www.sommeljane.nl\/wp-content\/uploads\/2024\/02\/Italie-17-300x300.png\" alt=\"Nieder\u00f6sterreich\" width=\"300\" height=\"300\" srcset=\"https:\/\/www.sommeljane.nl\/wp-content\/uploads\/2024\/02\/Italie-17-300x300.png 300w, https:\/\/www.sommeljane.nl\/wp-content\/uploads\/2024\/02\/Italie-17-100x100.png 100w, https:\/\/www.sommeljane.nl\/wp-content\/uploads\/2024\/02\/Italie-17-600x600.png 600w, https:\/\/www.sommeljane.nl\/wp-content\/uploads\/2024\/02\/Italie-17-1024x1024.png 1024w, https:\/\/www.sommeljane.nl\/wp-content\/uploads\/2024\/02\/Italie-17-150x150.png 150w, https:\/\/www.sommeljane.nl\/wp-content\/uploads\/2024\/02\/Italie-17-768x768.png 768w, https:\/\/www.sommeljane.nl\/wp-content\/uploads\/2024\/02\/Italie-17-12x12.png 12w, https:\/\/www.sommeljane.nl\/wp-content\/uploads\/2024\/02\/Italie-17-500x500.png 500w, https:\/\/www.sommeljane.nl\/wp-content\/uploads\/2024\/02\/Italie-17.png 1080w\" sizes=\"(max-width: 300px) 100vw, 300px\" \/><\/p>\n<p><strong>Appellatie:<\/strong> Kamptal<\/p>\n<p><strong>Winery\u00a0<\/strong>In April 2005, Laurenz Maria Moser V., a descendant of the renowned Austrian wine family Lenz Moser, chose to fully dedicate himself to the production of Gr\u00fcner Veltliner, supported by two partners. Laurenz Maria's partner, Franz Schweiger, an accountant and economic expert, takes on the financial responsibility, while Dieter H\u00fcbler handles marketing and distribution. Laurenz Maria focuses on the work in the vineyards and the vinification process. Today, several cuv\u00e9es are produced annually, including Sunny, Singing, Friendly, Silver Bullet, Charming Gr\u00fcner, Gr\u00fcner Forever, and Forbidden Gr\u00fcner Veltliner. The enthusiasm for Gr\u00fcner Veltliner, combined with expertise in winemaking, has led to a new international style with subtle spices, elegant acidity, lively tones, and a pleasant finish. In short, Lauren V. crafts wines with elegance and charm, sourcing grapes from reliable growers in Kamptal, Kremstal, and the Weinviertel. Laurenz V.'s vision is to support diversity on the path to a well-deserved international reputation. With exports to 42 countries worldwide, enthusiasts in London, Los Angeles, or Dubai can enjoy Laurenz V.'s Gr\u00fcner Veltliner.<\/p>\n<p><strong>Food pairing<\/strong> Asparagus<\/p>","protected":false},"excerpt":{"rendered":"<div class=\"flex-shrink-0 flex flex-col relative items-end\">\n<div class=\"pt-0.5\">\n<div class=\"gizmo-shadow-stroke flex h-6 w-6 items-center justify-center overflow-hidden rounded-full\">\n<div class=\"relative p-1 rounded-sm h-9 w-9 text-white flex items-center justify-center\">This characteristic, fresh, and spicy Gr\u00fcner Veltliner stands out with aromas of apple, pear, and citrus. Thanks to the subsoil of granite, gneiss, and loess, it also has a light mineral character.<\/div>\n<\/div>\n<\/div>\n<\/div>","protected":false},"featured_media":3221,"comment_status":"open","ping_status":"closed","template":"","meta":{"_acf_changed":false,"_monsterinsights_skip_tracking":false,"_monsterinsights_sitenote_active":false,"_monsterinsights_sitenote_note":"","_monsterinsights_sitenote_category":0},"product_cat":[143,68],"product_tag":[119,118,124],"class_list":{"0":"post-3216","1":"product","2":"type-product","3":"status-publish","4":"has-post-thumbnail","6":"product_cat-oostenrijk","7":"product_cat-witte-wijn","8":"product_tag-boom-fruit","9":"product_tag-citrusvruchten","10":"product_tag-kruiden-specerijen","11":"pa_type-wijn-witte-wijn","13":"first","14":"instock","15":"taxable","16":"shipping-taxable","17":"purchasable","18":"product-type-simple"},"acf":[],"aioseo_notices":[],"_links":{"self":[{"href":"https:\/\/www.sommeljane.nl\/en_gb\/wp-json\/wp\/v2\/product\/3216","targetHints":{"allow":["GET"]}}],"collection":[{"href":"https:\/\/www.sommeljane.nl\/en_gb\/wp-json\/wp\/v2\/product"}],"about":[{"href":"https:\/\/www.sommeljane.nl\/en_gb\/wp-json\/wp\/v2\/types\/product"}],"replies":[{"embeddable":true,"href":"https:\/\/www.sommeljane.nl\/en_gb\/wp-json\/wp\/v2\/comments?post=3216"}],"version-history":[{"count":1,"href":"https:\/\/www.sommeljane.nl\/en_gb\/wp-json\/wp\/v2\/product\/3216\/revisions"}],"predecessor-version":[{"id":3222,"href":"https:\/\/www.sommeljane.nl\/en_gb\/wp-json\/wp\/v2\/product\/3216\/revisions\/3222"}],"wp:featuredmedia":[{"embeddable":true,"href":"https:\/\/www.sommeljane.nl\/en_gb\/wp-json\/wp\/v2\/media\/3221"}],"wp:attachment":[{"href":"https:\/\/www.sommeljane.nl\/en_gb\/wp-json\/wp\/v2\/media?parent=3216"}],"wp:term":[{"taxonomy":"product_cat","embeddable":true,"href":"https:\/\/www.sommeljane.nl\/en_gb\/wp-json\/wp\/v2\/product_cat?post=3216"},{"taxonomy":"product_tag","embeddable":true,"href":"https:\/\/www.sommeljane.nl\/en_gb\/wp-json\/wp\/v2\/product_tag?post=3216"}],"curies":[{"name":"wp","href":"https:\/\/api.w.org\/{rel}","templated":true}]}}